{"id":145,"date":"2025-11-25T11:49:44","date_gmt":"2025-11-25T11:49:44","guid":{"rendered":"https:\/\/bfvztih.cluster100.hosting.ovh.net\/?page_id=145"},"modified":"2025-11-25T15:17:31","modified_gmt":"2025-11-25T15:17:31","slug":"centrale-de-repassage","status":"publish","type":"page","link":"https:\/\/www.repassnetcenter.be\/index.php\/centrale-de-repassage\/","title":{"rendered":"CENTRALE DE REPASSAGE"},"content":{"rendered":"\t\t<div data-elementor-type=\"wp-page\" data-elementor-id=\"145\" class=\"elementor elementor-145\">\n\t\t\t\t<div class=\"elementor-element elementor-element-5d55842 e-flex e-con-boxed e-con e-parent\" data-id=\"5d55842\" data-element_type=\"container\" data-settings=\"{&quot;background_background&quot;:&quot;classic&quot;}\">\n\t\t\t\t\t<div class=\"e-con-inner\">\n\t\t<div class=\"elementor-element elementor-element-816fbba e-con-full e-flex e-con e-child\" data-id=\"816fbba\" data-element_type=\"container\">\n\t\t\t\t<div class=\"elementor-element elementor-element-1272dcc elementor-widget elementor-widget-heading\" data-id=\"1272dcc\" data-element_type=\"widget\" data-widget_type=\"heading.default\">\n\t\t\t\t\t<h2 class=\"elementor-heading-title elementor-size-default\">Centrale de repassage <\/h2>\t\t\t\t<\/div>\n\t\t\t\t<\/div>\n\t\t<div class=\"elementor-element elementor-element-6f27c80 e-con-full e-flex e-con e-child\" data-id=\"6f27c80\" data-element_type=\"container\">\n\t\t\t\t<div class=\"elementor-element elementor-element-d5a028c elementor-widget elementor-widget-heading\" data-id=\"d5a028c\" data-element_type=\"widget\" data-widget_type=\"heading.default\">\n\t\t\t\t\t<h2 class=\"elementor-heading-title elementor-size-default\"><br>Accueil | Centrale de repassage\n<\/h2>\t\t\t\t<\/div>\n\t\t\t\t<\/div>\n\t\t\t\t\t<\/div>\n\t\t\t\t<\/div>\n\t\t<div class=\"elementor-element elementor-element-1d44d30 e-flex e-con-boxed e-con e-parent\" data-id=\"1d44d30\" data-element_type=\"container\">\n\t\t\t\t\t<div class=\"e-con-inner\">\n\t\t<div class=\"elementor-element elementor-element-bff671b e-con-full e-flex e-con e-child\" data-id=\"bff671b\" data-element_type=\"container\">\n\t\t\t\t<div class=\"elementor-element elementor-element-79ccd70 elementor-widget elementor-widget-image\" data-id=\"79ccd70\" data-element_type=\"widget\" data-widget_type=\"image.default\">\n\t\t\t\t\t\t\t\t\t\t\t\t\t\t\t<img decoding=\"async\" src=\"http:\/\/bfvztih.cluster100.hosting.ovh.net\/wp-content\/uploads\/2025\/11\/iStock-1132178369_NEW.pdf\" title=\"\" alt=\"\" loading=\"lazy\" \/>\t\t\t\t\t\t\t\t\t\t\t\t\t\t\t<\/div>\n\t\t\t\t<\/div>\n\t\t<div class=\"elementor-element elementor-element-32d796e e-con-full e-flex e-con e-child\" data-id=\"32d796e\" data-element_type=\"container\">\n\t\t\t\t<div class=\"elementor-element elementor-element-1ecdfe3 elementor-widget elementor-widget-heading\" data-id=\"1ecdfe3\" data-element_type=\"widget\" data-widget_type=\"heading.default\">\n\t\t\t\t\t<h2 class=\"elementor-heading-title elementor-size-default\">Repassnet <\/h2>\t\t\t\t<\/div>\n\t\t\t\t<div class=\"elementor-element elementor-element-f405e99 elementor-widget elementor-widget-text-editor\" data-id=\"f405e99\" data-element_type=\"widget\" data-widget_type=\"text-editor.default\">\n\t\t\t\t\t\t\t\t\t<p style=\"font-weight: 400;\"><strong>Repassnet<\/strong>, soci\u00e9t\u00e9 de titres-services agr\u00e9\u00e9e par l\u2019Onem, vous propose, \u00e0 Bruxelles, un service de qualit\u00e9 dans les domaines suivants : Nettoyage de votre habitation, Repassage du linge, Lavage de vitres, Pr\u00e9paration des repas, R\u00e9alisation des courses m\u00e9nag\u00e8res.<\/p>\t\t\t\t\t\t\t\t<\/div>\n\t\t\t\t<\/div>\n\t\t\t\t\t<\/div>\n\t\t\t\t<\/div>\n\t\t<div class=\"elementor-element elementor-element-a4d00c3 e-flex e-con-boxed e-con e-parent\" data-id=\"a4d00c3\" data-element_type=\"container\">\n\t\t\t\t\t<div class=\"e-con-inner\">\n\t\t<div class=\"elementor-element elementor-element-8f4d06a e-con-full e-flex e-con e-child\" data-id=\"8f4d06a\" data-element_type=\"container\">\n\t\t\t\t<div class=\"elementor-element elementor-element-d9a4382 elementor-arrows-position-inside elementor-pagination-position-outside elementor-widget elementor-widget-image-carousel\" data-id=\"d9a4382\" data-element_type=\"widget\" data-settings=\"{&quot;navigation&quot;:&quot;both&quot;,&quot;autoplay&quot;:&quot;yes&quot;,&quot;pause_on_hover&quot;:&quot;yes&quot;,&quot;pause_on_interaction&quot;:&quot;yes&quot;,&quot;autoplay_speed&quot;:5000,&quot;infinite&quot;:&quot;yes&quot;,&quot;speed&quot;:500}\" data-widget_type=\"image-carousel.default\">\n\t\t\t\t\t\t\t<div class=\"elementor-image-carousel-wrapper swiper\" role=\"region\" aria-roledescription=\"carousel\" aria-label=\"Carrousel d\u2019images\" dir=\"ltr\">\n\t\t\t<div class=\"elementor-image-carousel swiper-wrapper\" aria-live=\"off\">\n\t\t\t\t\t\t\t\t<div class=\"swiper-slide\" role=\"group\" aria-roledescription=\"slide\" aria-label=\"1 of 3\"><figure class=\"swiper-slide-inner\"><img decoding=\"async\" class=\"swiper-slide-image\" src=\"https:\/\/www.repassnetcenter.be\/wp-content\/uploads\/2025\/11\/iStock-1132178377.webp\" alt=\"Latin american women at a laundry service ironing different garments  - Incidental people at background\" \/><\/figure><\/div><div class=\"swiper-slide\" role=\"group\" aria-roledescription=\"slide\" aria-label=\"2 of 3\"><figure class=\"swiper-slide-inner\"><img decoding=\"async\" class=\"swiper-slide-image\" src=\"https:\/\/www.repassnetcenter.be\/wp-content\/uploads\/2025\/11\/iStock-1132394784.webp\" alt=\"Beautiful employee at a laundromat holding a dry cleaned outfit covered with a bag while facing camera smiling very happy\" \/><\/figure><\/div><div class=\"swiper-slide\" role=\"group\" aria-roledescription=\"slide\" aria-label=\"3 of 3\"><figure class=\"swiper-slide-inner\"><img decoding=\"async\" class=\"swiper-slide-image\" src=\"https:\/\/www.repassnetcenter.be\/wp-content\/uploads\/2025\/11\/iStock-1158763694.webp\" alt=\"Smiling African-American man administrator of modern laundry working with female client, returning clothing after dry cleaning\" \/><\/figure><\/div>\t\t\t<\/div>\n\t\t\t\t\t\t\t\t\t\t\t\t<div class=\"elementor-swiper-button elementor-swiper-button-prev\" role=\"button\" tabindex=\"0\">\n\t\t\t\t\t\t<svg aria-hidden=\"true\" class=\"e-font-icon-svg e-eicon-chevron-left\" viewBox=\"0 0 1000 1000\" xmlns=\"http:\/\/www.w3.org\/2000\/svg\"><path d=\"M646 125C629 125 613 133 604 142L308 442C296 454 292 471 292 487 292 504 296 521 308 533L604 854C617 867 629 875 646 875 663 875 679 871 692 858 704 846 713 829 713 812 713 796 708 779 692 767L438 487 692 225C700 217 708 204 708 187 708 171 704 154 692 142 675 129 663 125 646 125Z\"><\/path><\/svg>\t\t\t\t\t<\/div>\n\t\t\t\t\t<div class=\"elementor-swiper-button elementor-swiper-button-next\" role=\"button\" tabindex=\"0\">\n\t\t\t\t\t\t<svg aria-hidden=\"true\" class=\"e-font-icon-svg e-eicon-chevron-right\" viewBox=\"0 0 1000 1000\" xmlns=\"http:\/\/www.w3.org\/2000\/svg\"><path d=\"M696 533C708 521 713 504 713 487 713 471 708 454 696 446L400 146C388 133 375 125 354 125 338 125 325 129 313 142 300 154 292 171 292 187 292 204 296 221 308 233L563 492 304 771C292 783 288 800 288 817 288 833 296 850 308 863 321 871 338 875 354 875 371 875 388 867 400 854L696 533Z\"><\/path><\/svg>\t\t\t\t\t<\/div>\n\t\t\t\t\n\t\t\t\t\t\t\t\t\t<div class=\"swiper-pagination\"><\/div>\n\t\t\t\t\t\t\t\t\t<\/div>\n\t\t\t\t\t\t<\/div>\n\t\t\t\t<\/div>\n\t\t<div class=\"elementor-element elementor-element-11df5ba e-con-full e-flex e-con e-child\" data-id=\"11df5ba\" data-element_type=\"container\">\n\t\t\t\t<\/div>\n\t\t\t\t\t<\/div>\n\t\t\t\t<\/div>\n\t\t<div class=\"elementor-element elementor-element-d06aacb e-flex e-con-boxed e-con e-parent\" data-id=\"d06aacb\" data-element_type=\"container\">\n\t\t\t\t\t<div class=\"e-con-inner\">\n\t\t\t\t<div class=\"elementor-element elementor-element-d2c3677 elementor-widget elementor-widget-heading\" data-id=\"d2c3677\" data-element_type=\"widget\" data-widget_type=\"heading.default\">\n\t\t\t\t\t<h2 class=\"elementor-heading-title elementor-size-default\">Centrale de repassage <\/h2>\t\t\t\t<\/div>\n\t\t\t\t<div class=\"elementor-element elementor-element-e2d563e elementor-widget elementor-widget-text-editor\" data-id=\"e2d563e\" data-element_type=\"widget\" data-widget_type=\"text-editor.default\">\n\t\t\t\t\t\t\t\t\t<p style=\"font-weight: 400;\">Nous vous accueillons du lundi au vendredi de 8h \u00e0 18h et le samedi de 10h \u00e0 midi.<\/p><p style=\"font-weight: 400;\"><span style=\"font-style: inherit; letter-spacing: 0px; text-align: var(--text-align);\">Votre linge sera soigneusement repass\u00e9 dans un d\u00e9lai maximum de 48h.<\/span><\/p>\n<p style=\"font-weight: 400;\"><span style=\"font-style: inherit; font-family: var( --e-global-typography-text-font-family ), Sans-serif; letter-spacing: var( --e-global-typography-text-letter-spacing ); text-transform: var( --e-global-typography-text-text-transform ); text-decoration: var( --e-global-typography-text-text-decoration ); text-align: var(--text-align);\">Nous repassons toutes sortes de linge (chemises, pantalons, jupes, v\u00eatements d\u2019enfants, draps, tentures, nappe&#8230;)&nbsp;<\/span><\/p><p style=\"font-weight: 400;\"><span style=\"font-style: inherit; font-family: var( --e-global-typography-text-font-family ), Sans-serif; letter-spacing: var( --e-global-typography-text-letter-spacing ); text-transform: var( --e-global-typography-text-text-transform ); text-decoration: var( --e-global-typography-text-text-decoration ); text-align: var(--text-align);\">pli\u00e9 ou sur cintre.<\/span><\/p>\n<p>Acc\u00e8s et parking ais\u00e9s.<\/p>\t\t\t\t\t\t\t\t<\/div>\n\t\t\t\t\t<\/div>\n\t\t\t\t<\/div>\n\t\t<div class=\"elementor-element elementor-element-05ad313 e-con-full e-flex e-con e-parent\" data-id=\"05ad313\" data-element_type=\"container\" data-settings=\"{&quot;background_background&quot;:&quot;classic&quot;}\">\n\t\t<div class=\"elementor-element elementor-element-de67060 e-con-full e-flex e-con e-child\" data-id=\"de67060\" data-element_type=\"container\">\n\t\t\t\t<div class=\"elementor-element elementor-element-057a921 elementor-widget elementor-widget-heading\" data-id=\"057a921\" data-element_type=\"widget\" data-widget_type=\"heading.default\">\n\t\t\t\t\t<h2 class=\"elementor-heading-title elementor-size-default\">Repassnet, soci\u00e9t\u00e9 de titres-services agr\u00e9\u00e9e par l\u2019ONEM, vous propose, \u00e0<br>Bruxelles, un service de qualit\u00e9\n<\/h2>\t\t\t\t<\/div>\n\t\t\t\t<\/div>\n\t\t<div class=\"elementor-element elementor-element-2498e49 e-con-full e-flex e-con e-child\" data-id=\"2498e49\" data-element_type=\"container\" data-settings=\"{&quot;background_background&quot;:&quot;classic&quot;}\">\n\t\t\t\t<div class=\"elementor-element elementor-element-a82d0f1 elementor-align-center elementor-widget elementor-widget-button\" data-id=\"a82d0f1\" data-element_type=\"widget\" data-widget_type=\"button.default\">\n\t\t\t\t\t\t\t\t\t\t<a class=\"elementor-button elementor-button-link elementor-size-sm\" href=\"#contact\">\n\t\t\t\t\t\t<span class=\"elementor-button-content-wrapper\">\n\t\t\t\t\t\t\t\t\t<span class=\"elementor-button-text\">CONTACTEZ-NOUS<\/span>\n\t\t\t\t\t<\/span>\n\t\t\t\t\t<\/a>\n\t\t\t\t\t\t\t\t<\/div>\n\t\t\t\t<\/div>\n\t\t\t\t<\/div>\n\t\t<div class=\"elementor-element elementor-element-063f939 e-flex e-con-boxed e-con e-parent\" data-id=\"063f939\" data-element_type=\"container\" data-settings=\"{&quot;background_background&quot;:&quot;classic&quot;}\">\n\t\t\t\t\t<div class=\"e-con-inner\">\n\t\t<div class=\"elementor-element elementor-element-1c991e7 e-con-full e-flex e-con e-child\" data-id=\"1c991e7\" data-element_type=\"container\">\n\t\t\t\t<div class=\"elementor-element elementor-element-0fef00a elementor-widget elementor-widget-text-editor\" data-id=\"0fef00a\" data-element_type=\"widget\" data-widget_type=\"text-editor.default\">\n\t\t\t\t\t\t\t\t\t<p><span style=\"color: #ffffff;\"><em>Reposez-vous, on s&rsquo;occupe de tout !<\/em><\/span><\/p><p><span style=\"color: #ffffff;\"><em>Envie de profiter de la vie et de votre temps libre ?<\/em><\/span><\/p><p><span style=\"color: #ffffff;\"><em>C&rsquo;est possible avec Repassnet gr\u00e2ce aux Titres-services.<\/em><\/span><\/p><p><span style=\"color: #ffffff;\"><span style=\"caret-color: #ffffff;\"><i>Repassnet, soci\u00e9t\u00e9 de titres-services agr\u00e9\u00e9e par l&rsquo;Onem ,<\/i><\/span><\/span><\/p><p><span style=\"color: #ffffff;\"><span style=\"caret-color: #ffffff;\"><i>vous propose, \u00e0 Bruxelles, un service de qualit\u00e9 dans les \u00a0domaines suivante&#8230;<\/i><\/span><\/span><\/p><p><span style=\"color: #ffffff;\"><span style=\"caret-color: #ffffff;\"><i>Voir Services\u00a0<\/i><\/span><\/span><\/p>\t\t\t\t\t\t\t\t<\/div>\n\t\t\t\t<\/div>\n\t\t\t\t<div class=\"elementor-element elementor-element-5807e72 elementor-widget elementor-widget-image\" data-id=\"5807e72\" data-element_type=\"widget\" data-widget_type=\"image.default\">\n\t\t\t\t\t\t\t\t\t\t\t\t\t\t\t<img decoding=\"async\" src=\"http:\/\/bfvztih.cluster100.hosting.ovh.net\/wp-content\/uploads\/2025\/11\/2023_BXL-diversity-label_logo_transparent-background-5.pdf\" title=\"\" alt=\"\" loading=\"lazy\" \/>\t\t\t\t\t\t\t\t\t\t\t\t\t\t\t<\/div>\n\t\t<div class=\"elementor-element elementor-element-a3e811c e-con-full e-flex e-con e-child\" data-id=\"a3e811c\" data-element_type=\"container\">\n\t\t\t\t<div class=\"elementor-element elementor-element-b2e4ccf elementor-widget elementor-widget-heading\" data-id=\"b2e4ccf\" data-element_type=\"widget\" data-widget_type=\"heading.default\">\n\t\t\t\t\t<h2 class=\"elementor-heading-title elementor-size-default\">CONTACTEZ-NOUS<br><br><\/h2>\t\t\t\t<\/div>\n\t\t\t\t<div class=\"elementor-element elementor-element-ea65897 elementor-widget elementor-widget-text-editor\" data-id=\"ea65897\" data-element_type=\"widget\" data-widget_type=\"text-editor.default\">\n\t\t\t\t\t\t\t\t\t<p><span style=\"color: #ffffff;\">N\u2019h\u00e9sitez pas \u00e0 nous contacter pour tout renseignement compl\u00e9mentaire\u2026<\/span><\/p><p><span style=\"color: #ffffff;\">Adresse : Rue de Dilbeek 100, 1080 Bruxelles<\/span><br \/><span style=\"color: #ffffff;\">T\u00e9l\u00e9phone : 02 411 77 45<\/span><br \/><span style=\"color: #ffffff;\">Email : info@rpnet.be<\/span><br \/><span style=\"color: #ffffff;\">Site Web : <span style=\"color: #ff00ff;\">www.repassnetcenter.be<\/span><\/span><\/p>\t\t\t\t\t\t\t\t<\/div>\n\t\t\t\t<\/div>\n\t\t\t\t\t<\/div>\n\t\t\t\t<\/div>\n\t\t\t\t<\/div>\n\t\t","protected":false},"excerpt":{"rendered":"<p>Centrale de repassage Accueil | Centrale de repassage Repassnet Repassnet, soci\u00e9t\u00e9 de titres-services agr\u00e9\u00e9e par l\u2019Onem, vous propose, \u00e0 Bruxelles, [&hellip;]<\/p>\n","protected":false},"author":1,"featured_media":0,"parent":0,"menu_order":3,"comment_status":"closed","ping_status":"closed","template":"","meta":{"site-sidebar-layout":"no-sidebar","site-content-layout":"","ast-site-content-layout":"full-width-container","site-content-style":"default","site-sidebar-style":"default","ast-global-header-display":"","ast-banner-title-visibility":"","ast-main-header-display":"","ast-hfb-above-header-display":"","ast-hfb-below-header-display":"","ast-hfb-mobile-header-display":"","site-post-title":"","ast-breadcrumbs-content":"","ast-featured-img":"disabled","footer-sml-layout":"","theme-transparent-header-meta":"","adv-header-id-meta":"","stick-header-meta":"","header-above-stick-meta":"","header-main-stick-meta":"","header-below-stick-meta":"","astra-migrate-meta-layouts":"default","ast-page-background-enabled":"default","ast-page-background-meta":{"desktop":{"background-color":"var(--ast-global-color-5)","background-image":"","background-repeat":"repeat","background-position":"center center","background-size":"auto","background-attachment":"scroll","background-type":"","background-media":"","overlay-type":"","overlay-color":"","overlay-opacity":"","overlay-gradient":""},"tablet":{"background-color":"","background-image":"","background-repeat":"repeat","background-position":"center center","background-size":"auto","background-attachment":"scroll","background-type":"","background-media":"","overlay-type":"","overlay-color":"","overlay-opacity":"","overlay-gradient":""},"mobile":{"background-color":"","background-image":"","background-repeat":"repeat","background-position":"center center","background-size":"auto","background-attachment":"scroll","background-type":"","background-media":"","overlay-type":"","overlay-color":"","overlay-opacity":"","overlay-gradient":""}},"ast-content-background-meta":{"desktop":{"background-color":"var(--ast-global-color-4)","background-image":"","background-repeat":"repeat","background-position":"center center","background-size":"auto","background-attachment":"scroll","background-type":"","background-media":"","overlay-type":"","overlay-color":"","overlay-opacity":"","overlay-gradient":""},"tablet":{"background-color":"var(--ast-global-color-4)","background-image":"","background-repeat":"repeat","background-position":"center center","background-size":"auto","background-attachment":"scroll","background-type":"","background-media":"","overlay-type":"","overlay-color":"","overlay-opacity":"","overlay-gradient":""},"mobile":{"background-color":"var(--ast-global-color-4)","background-image":"","background-repeat":"repeat","background-position":"center center","background-size":"auto","background-attachment":"scroll","background-type":"","background-media":"","overlay-type":"","overlay-color":"","overlay-opacity":"","overlay-gradient":""}},"footnotes":""},"class_list":["post-145","page","type-page","status-publish","hentry"],"_links":{"self":[{"href":"https:\/\/www.repassnetcenter.be\/index.php\/wp-json\/wp\/v2\/pages\/145","targetHints":{"allow":["GET"]}}],"collection":[{"href":"https:\/\/www.repassnetcenter.be\/index.php\/wp-json\/wp\/v2\/pages"}],"about":[{"href":"https:\/\/www.repassnetcenter.be\/index.php\/wp-json\/wp\/v2\/types\/page"}],"author":[{"embeddable":true,"href":"https:\/\/www.repassnetcenter.be\/index.php\/wp-json\/wp\/v2\/users\/1"}],"replies":[{"embeddable":true,"href":"https:\/\/www.repassnetcenter.be\/index.php\/wp-json\/wp\/v2\/comments?post=145"}],"version-history":[{"count":21,"href":"https:\/\/www.repassnetcenter.be\/index.php\/wp-json\/wp\/v2\/pages\/145\/revisions"}],"predecessor-version":[{"id":298,"href":"https:\/\/www.repassnetcenter.be\/index.php\/wp-json\/wp\/v2\/pages\/145\/revisions\/298"}],"wp:attachment":[{"href":"https:\/\/www.repassnetcenter.be\/index.php\/wp-json\/wp\/v2\/media?parent=145"}],"curies":[{"name":"wp","href":"https:\/\/api.w.org\/{rel}","templated":true}]}}