{"id":189,"date":"2025-11-25T11:50:14","date_gmt":"2025-11-25T11:50:14","guid":{"rendered":"https:\/\/bfvztih.cluster100.hosting.ovh.net\/?page_id=189"},"modified":"2025-11-25T14:59:59","modified_gmt":"2025-11-25T14:59:59","slug":"contact","status":"publish","type":"page","link":"https:\/\/www.repassnetcenter.be\/index.php\/contact\/","title":{"rendered":"CONTACT"},"content":{"rendered":"\t\t<div data-elementor-type=\"wp-page\" data-elementor-id=\"189\" class=\"elementor elementor-189\">\n\t\t\t\t<div class=\"elementor-element elementor-element-1a126ad e-flex e-con-boxed e-con e-parent\" data-id=\"1a126ad\" data-element_type=\"container\" data-settings=\"{&quot;background_background&quot;:&quot;classic&quot;}\">\n\t\t\t\t\t<div class=\"e-con-inner\">\n\t\t<div class=\"elementor-element elementor-element-371ff22 e-con-full e-flex e-con e-child\" data-id=\"371ff22\" data-element_type=\"container\">\n\t\t\t\t<div class=\"elementor-element elementor-element-da2ff55 elementor-widget elementor-widget-heading\" data-id=\"da2ff55\" data-element_type=\"widget\" data-widget_type=\"heading.default\">\n\t\t\t\t\t<h2 class=\"elementor-heading-title elementor-size-default\">Contactez-Nous<\/h2>\t\t\t\t<\/div>\n\t\t\t\t<\/div>\n\t\t<div class=\"elementor-element elementor-element-949170e e-con-full e-flex e-con e-child\" data-id=\"949170e\" data-element_type=\"container\">\n\t\t\t\t<div class=\"elementor-element elementor-element-614843d elementor-widget elementor-widget-heading\" data-id=\"614843d\" data-element_type=\"widget\" data-widget_type=\"heading.default\">\n\t\t\t\t\t<h2 class=\"elementor-heading-title elementor-size-default\"><br>Accueil | Contact\n<\/h2>\t\t\t\t<\/div>\n\t\t\t\t<\/div>\n\t\t\t\t\t<\/div>\n\t\t\t\t<\/div>\n\t\t<div class=\"elementor-element elementor-element-f23633b e-flex e-con-boxed e-con e-parent\" data-id=\"f23633b\" data-element_type=\"container\">\n\t\t\t\t\t<div class=\"e-con-inner\">\n\t\t\t\t<div class=\"elementor-element elementor-element-5675d42 elementor-widget elementor-widget-heading\" data-id=\"5675d42\" data-element_type=\"widget\" data-widget_type=\"heading.default\">\n\t\t\t\t\t<h2 class=\"elementor-heading-title elementor-size-default\">REPASSNET EST L\u00c0 POUR VOUS  SOULAGER GR\u00c2CE \u00c0 NOS AIDES M\u00c9NAG\u00c8RES DANS PLUSIEURS  <br>TACHES <\/h2>\t\t\t\t<\/div>\n\t\t\t\t\t<\/div>\n\t\t\t\t<\/div>\n\t\t<div class=\"elementor-element elementor-element-88a4265 e-flex e-con-boxed e-con e-parent\" data-id=\"88a4265\" data-element_type=\"container\">\n\t\t\t\t\t<div class=\"e-con-inner\">\n\t\t<div class=\"elementor-element elementor-element-2818452 e-con-full e-flex e-con e-child\" data-id=\"2818452\" data-element_type=\"container\">\n\t\t\t\t<div class=\"elementor-element elementor-element-eebcfea elementor-widget elementor-widget-heading\" data-id=\"eebcfea\" data-element_type=\"widget\" data-widget_type=\"heading.default\">\n\t\t\t\t\t<h2 class=\"elementor-heading-title elementor-size-default\">CONTACTEZ-NOUS<\/h2>\t\t\t\t<\/div>\n\t\t\t\t<\/div>\n\t\t<div class=\"elementor-element elementor-element-3eb15da e-con-full e-flex e-con e-child\" data-id=\"3eb15da\" data-element_type=\"container\">\n\t\t\t\t<div class=\"elementor-element elementor-element-60b6cf7 elementor-widget elementor-widget-heading\" data-id=\"60b6cf7\" data-element_type=\"widget\" data-widget_type=\"heading.default\">\n\t\t\t\t\t<h2 class=\"elementor-heading-title elementor-size-default\">Repassnet <\/h2>\t\t\t\t<\/div>\n\t\t\t\t<\/div>\n\t\t\t\t\t<\/div>\n\t\t\t\t<\/div>\n\t\t<div class=\"elementor-element elementor-element-ab65cec e-flex e-con-boxed e-con e-parent\" data-id=\"ab65cec\" data-element_type=\"container\">\n\t\t\t\t\t<div class=\"e-con-inner\">\n\t\t<div class=\"elementor-element elementor-element-407d55b e-con-full e-flex e-con e-child\" data-id=\"407d55b\" data-element_type=\"container\">\n\t\t\t\t<div class=\"elementor-element elementor-element-5bc072c elementor-widget elementor-widget-shortcode\" data-id=\"5bc072c\" data-element_type=\"widget\" data-widget_type=\"shortcode.default\">\n\t\t\t\t\t\t\t<div class=\"elementor-shortcode\">\n<div class=\"wpcf7 no-js\" id=\"wpcf7-f195-o1\" lang=\"fr-BE\" dir=\"ltr\" data-wpcf7-id=\"195\">\n<div class=\"screen-reader-response\"><p role=\"status\" aria-live=\"polite\" aria-atomic=\"true\"><\/p> <ul><\/ul><\/div>\n<form action=\"\/index.php\/wp-json\/wp\/v2\/pages\/189#wpcf7-f195-o1\" method=\"post\" class=\"wpcf7-form init\" aria-label=\"Contact form\" novalidate=\"novalidate\" data-status=\"init\">\n<fieldset class=\"hidden-fields-container\"><input type=\"hidden\" name=\"_wpcf7\" value=\"195\" \/><input type=\"hidden\" name=\"_wpcf7_version\" value=\"6.1.3\" \/><input type=\"hidden\" name=\"_wpcf7_locale\" value=\"fr_BE\" \/><input type=\"hidden\" name=\"_wpcf7_unit_tag\" value=\"wpcf7-f195-o1\" \/><input type=\"hidden\" name=\"_wpcf7_container_post\" value=\"0\" \/><input type=\"hidden\" name=\"_wpcf7_posted_data_hash\" value=\"\" \/>\n<\/fieldset>\n<p><label> Votre nom<br \/>\n<span class=\"wpcf7-form-control-wrap\" data-name=\"your-name\"><input size=\"40\" maxlength=\"400\" class=\"wpcf7-form-control wpcf7-text wpcf7-validates-as-required\" autocomplete=\"name\" aria-required=\"true\" aria-invalid=\"false\" value=\"\" type=\"text\" name=\"your-name\" \/><\/span> <\/label>\n<\/p>\n<p><label> Votre e-mail<br \/>\n<span class=\"wpcf7-form-control-wrap\" data-name=\"your-email\"><input size=\"40\" maxlength=\"400\" class=\"wpcf7-form-control wpcf7-email wpcf7-validates-as-required wpcf7-text wpcf7-validates-as-email\" autocomplete=\"email\" aria-required=\"true\" aria-invalid=\"false\" value=\"\" type=\"email\" name=\"your-email\" \/><\/span> <\/label>\n<\/p>\n<p><label> Objet<br \/>\n<span class=\"wpcf7-form-control-wrap\" data-name=\"your-subject\"><input size=\"40\" maxlength=\"400\" class=\"wpcf7-form-control wpcf7-text wpcf7-validates-as-required\" aria-required=\"true\" aria-invalid=\"false\" value=\"\" type=\"text\" name=\"your-subject\" \/><\/span> <\/label>\n<\/p>\n<p><label> Votre message (facultatif)<br \/>\n<span class=\"wpcf7-form-control-wrap\" data-name=\"your-message\"><textarea cols=\"40\" rows=\"10\" maxlength=\"2000\" class=\"wpcf7-form-control wpcf7-textarea\" aria-invalid=\"false\" name=\"your-message\"><\/textarea><\/span> <\/label>\n<\/p>\n<p><input class=\"wpcf7-form-control wpcf7-submit has-spinner\" type=\"submit\" value=\"Envoyer\" \/>\n<\/p><div class=\"wpcf7-response-output\" aria-hidden=\"true\"><\/div>\n<\/form>\n<\/div>\n<\/div>\n\t\t\t\t\t\t<\/div>\n\t\t\t\t<\/div>\n\t\t<div class=\"elementor-element elementor-element-426f6aa e-con-full e-flex e-con e-child\" data-id=\"426f6aa\" data-element_type=\"container\">\n\t\t\t\t<div class=\"elementor-element elementor-element-f3b57f6 elementor-widget__width-initial elementor-widget elementor-widget-text-editor\" data-id=\"f3b57f6\" data-element_type=\"widget\" data-widget_type=\"text-editor.default\">\n\t\t\t\t\t\t\t\t\t<div style=\"padding-left: 20px;\"><p><!-- Titre manuscrit rose --><\/p><p><!-- Ligne grise --><\/p><p><!-- Texte descriptif --><\/p><p><!-- Coordonn\u00e9es --><\/p><p style=\"font-size: 15px; line-height: 26px; color: #444;\"><strong><img decoding=\"async\" class=\"emoji\" role=\"img\" draggable=\"false\" src=\"https:\/\/s.w.org\/images\/core\/emoji\/16.0.1\/svg\/1f4cd.svg\" alt=\"\ud83d\udccd\" width=\"14\" height=\"14\" \/> Adresse : <\/strong>Rue de Dilbeek 100, 1080 Bruxelles<\/p><p style=\"font-size: 15px; line-height: 26px; color: #444;\"><strong><img decoding=\"async\" class=\"emoji\" role=\"img\" draggable=\"false\" src=\"https:\/\/s.w.org\/images\/core\/emoji\/16.0.1\/svg\/1f4de.svg\" alt=\"\ud83d\udcde\" \/> T\u00e9l\u00e9phone : <\/strong>02 411 77 45<\/p><p style=\"font-size: 15px; line-height: 26px; color: #444;\"><br \/><strong><img decoding=\"async\" class=\"emoji\" role=\"img\" draggable=\"false\" src=\"https:\/\/s.w.org\/images\/core\/emoji\/16.0.1\/svg\/1f4e7.svg\" alt=\"\ud83d\udce7\" \/> Email : <\/strong><a href=\"mailto:info@rpnet.be\">info@rpnet.be<\/a><\/p><p style=\"font-size: 15px; line-height: 26px; color: #444;\"><br \/><strong><img decoding=\"async\" class=\"emoji\" role=\"img\" draggable=\"false\" src=\"https:\/\/s.w.org\/images\/core\/emoji\/16.0.1\/svg\/1f310.svg\" alt=\"\ud83c\udf10\" \/> Site Web : <\/strong><a href=\"https:\/\/www.repassnetcenter.be\" target=\"_blank\" rel=\"noopener\">www.repassnetcenter.be<\/a><\/p><\/div>\t\t\t\t\t\t\t\t<\/div>\n\t\t\t\t<\/div>\n\t\t\t\t\t<\/div>\n\t\t\t\t<\/div>\n\t\t<div class=\"elementor-element elementor-element-b1cd681 e-flex e-con-boxed e-con e-parent\" data-id=\"b1cd681\" data-element_type=\"container\">\n\t\t\t\t\t<div class=\"e-con-inner\">\n\t\t<div class=\"elementor-element elementor-element-bbf84c0 e-con-full e-flex e-con e-child\" data-id=\"bbf84c0\" data-element_type=\"container\">\n\t\t\t\t<div class=\"elementor-element elementor-element-66e5a4f elementor-widget elementor-widget-image\" data-id=\"66e5a4f\" data-element_type=\"widget\" data-widget_type=\"image.default\">\n\t\t\t\t\t\t\t\t\t\t\t\t\t\t\t<img fetchpriority=\"high\" decoding=\"async\" width=\"440\" height=\"568\" src=\"https:\/\/www.repassnetcenter.be\/wp-content\/uploads\/2025\/11\/2-Offre-speciale-.webp\" class=\"attachment-large size-large wp-image-211\" alt=\"\" srcset=\"https:\/\/www.repassnetcenter.be\/wp-content\/uploads\/2025\/11\/2-Offre-speciale-.webp 440w, https:\/\/www.repassnetcenter.be\/wp-content\/uploads\/2025\/11\/2-Offre-speciale--232x300.webp 232w\" sizes=\"(max-width: 440px) 100vw, 440px\" \/>\t\t\t\t\t\t\t\t\t\t\t\t\t\t\t<\/div>\n\t\t\t\t<\/div>\n\t\t<div class=\"elementor-element elementor-element-1cf9c2a e-con-full e-flex e-con e-child\" data-id=\"1cf9c2a\" data-element_type=\"container\">\n\t\t\t\t<div class=\"elementor-element elementor-element-41a8867 elementor-widget elementor-widget-google_maps\" data-id=\"41a8867\" data-element_type=\"widget\" data-widget_type=\"google_maps.default\">\n\t\t\t\t\t\t\t<div class=\"elementor-custom-embed\">\n\t\t\t<iframe loading=\"lazy\"\n\t\t\t\t\tsrc=\"https:\/\/maps.google.com\/maps?q=Rue%20de%20Dilbeek%20100%2C%201080%20Molenbeek&#038;t=m&#038;z=15&#038;output=embed&#038;iwloc=near\"\n\t\t\t\t\ttitle=\"Rue de Dilbeek 100, 1080 Molenbeek\"\n\t\t\t\t\taria-label=\"Rue de Dilbeek 100, 1080 Molenbeek\"\n\t\t\t><\/iframe>\n\t\t<\/div>\n\t\t\t\t\t\t<\/div>\n\t\t\t\t<\/div>\n\t\t\t\t\t<\/div>\n\t\t\t\t<\/div>\n\t\t<div class=\"elementor-element elementor-element-0f28fd3 e-flex e-con-boxed e-con e-parent\" data-id=\"0f28fd3\" data-element_type=\"container\" data-settings=\"{&quot;background_background&quot;:&quot;classic&quot;}\">\n\t\t\t\t\t<div class=\"e-con-inner\">\n\t\t<div class=\"elementor-element elementor-element-6ebcb62 e-con-full e-flex e-con e-child\" data-id=\"6ebcb62\" data-element_type=\"container\">\n\t\t\t\t<div class=\"elementor-element elementor-element-c4da794 elementor-widget elementor-widget-text-editor\" data-id=\"c4da794\" data-element_type=\"widget\" data-widget_type=\"text-editor.default\">\n\t\t\t\t\t\t\t\t\t<p><span style=\"color: #ffffff;\"><em>Reposez-vous, on s&rsquo;occupe de tout !<\/em><\/span><\/p><p><span style=\"color: #ffffff;\"><em>Envie de profiter de la vie et de votre temps libre ?<\/em><\/span><\/p><p><span style=\"color: #ffffff;\"><em>C&rsquo;est possible avec Repassnet gr\u00e2ce aux Titres-services.<\/em><\/span><\/p><p><span style=\"color: #ffffff;\"><span style=\"caret-color: #ffffff;\"><i>Repassnet, soci\u00e9t\u00e9 de titres-services agr\u00e9\u00e9e par l&rsquo;Onem ,<\/i><\/span><\/span><\/p><p><span style=\"color: #ffffff;\"><span style=\"caret-color: #ffffff;\"><i>vous propose, \u00e0 Bruxelles, un service de qualit\u00e9 dans les \u00a0domaines suivante&#8230;<\/i><\/span><\/span><\/p><p><span style=\"color: #ffffff;\"><span style=\"caret-color: #ffffff;\"><i>Voir Services\u00a0<\/i><\/span><\/span><\/p>\t\t\t\t\t\t\t\t<\/div>\n\t\t\t\t<\/div>\n\t\t\t\t<div class=\"elementor-element elementor-element-2e13b63 elementor-widget elementor-widget-image\" data-id=\"2e13b63\" data-element_type=\"widget\" data-widget_type=\"image.default\">\n\t\t\t\t\t\t\t\t\t\t\t\t\t\t\t<img decoding=\"async\" src=\"http:\/\/bfvztih.cluster100.hosting.ovh.net\/wp-content\/uploads\/2025\/11\/2023_BXL-diversity-label_logo_transparent-background-5.pdf\" title=\"\" alt=\"\" loading=\"lazy\" \/>\t\t\t\t\t\t\t\t\t\t\t\t\t\t\t<\/div>\n\t\t<div class=\"elementor-element elementor-element-1e15c0d e-con-full e-flex e-con e-child\" data-id=\"1e15c0d\" data-element_type=\"container\">\n\t\t\t\t<div class=\"elementor-element elementor-element-ff2d763 elementor-widget elementor-widget-heading\" data-id=\"ff2d763\" data-element_type=\"widget\" data-widget_type=\"heading.default\">\n\t\t\t\t\t<h2 class=\"elementor-heading-title elementor-size-default\">CONTACTEZ-NOUS<br><br><\/h2>\t\t\t\t<\/div>\n\t\t\t\t<div class=\"elementor-element elementor-element-9dc1edb elementor-widget elementor-widget-text-editor\" data-id=\"9dc1edb\" data-element_type=\"widget\" data-widget_type=\"text-editor.default\">\n\t\t\t\t\t\t\t\t\t<p><span style=\"color: #ffffff;\">N\u2019h\u00e9sitez pas \u00e0 nous contacter pour tout renseignement compl\u00e9mentaire\u2026<\/span><\/p><p><span style=\"color: #ffffff;\">Adresse : Rue de Dilbeek 100, 1080 Bruxelles<\/span><br \/><span style=\"color: #ffffff;\">T\u00e9l\u00e9phone : 02 411 77 45<\/span><br \/><span style=\"color: #ffffff;\">Email : info@rpnet.be<\/span><br \/><span style=\"color: #ffffff;\">Site Web : <span style=\"color: #ff00ff;\">www.repassnetcenter.be<\/span><\/span><\/p>\t\t\t\t\t\t\t\t<\/div>\n\t\t\t\t<\/div>\n\t\t\t\t\t<\/div>\n\t\t\t\t<\/div>\n\t\t\t\t<\/div>\n\t\t","protected":false},"excerpt":{"rendered":"<p>Contactez-Nous Accueil | Contact REPASSNET EST L\u00c0 POUR VOUS SOULAGER GR\u00c2CE \u00c0 NOS AIDES M\u00c9NAG\u00c8RES DANS PLUSIEURS TACHES CONTACTEZ-NOUS Repassnet [&hellip;]<\/p>\n","protected":false},"author":1,"featured_media":0,"parent":0,"menu_order":5,"comment_status":"closed","ping_status":"closed","template":"","meta":{"site-sidebar-layout":"no-sidebar","site-content-layout":"","ast-site-content-layout":"full-width-container","site-content-style":"default","site-sidebar-style":"default","ast-global-header-display":"","ast-banner-title-visibility":"","ast-main-header-display":"","ast-hfb-above-header-display":"","ast-hfb-below-header-display":"","ast-hfb-mobile-header-display":"","site-post-title":"","ast-breadcrumbs-content":"","ast-featured-img":"disabled","footer-sml-layout":"","theme-transparent-header-meta":"","adv-header-id-meta":"","stick-header-meta":"","header-above-stick-meta":"","header-main-stick-meta":"","header-below-stick-meta":"","astra-migrate-meta-layouts":"default","ast-page-background-enabled":"default","ast-page-background-meta":{"desktop":{"background-color":"var(--ast-global-color-5)","background-image":"","background-repeat":"repeat","background-position":"center center","background-size":"auto","background-attachment":"scroll","background-type":"","background-media":"","overlay-type":"","overlay-color":"","overlay-opacity":"","overlay-gradient":""},"tablet":{"background-color":"","background-image":"","background-repeat":"repeat","background-position":"center center","background-size":"auto","background-attachment":"scroll","background-type":"","background-media":"","overlay-type":"","overlay-color":"","overlay-opacity":"","overlay-gradient":""},"mobile":{"background-color":"","background-image":"","background-repeat":"repeat","background-position":"center center","background-size":"auto","background-attachment":"scroll","background-type":"","background-media":"","overlay-type":"","overlay-color":"","overlay-opacity":"","overlay-gradient":""}},"ast-content-background-meta":{"desktop":{"background-color":"var(--ast-global-color-4)","background-image":"","background-repeat":"repeat","background-position":"center center","background-size":"auto","background-attachment":"scroll","background-type":"","background-media":"","overlay-type":"","overlay-color":"","overlay-opacity":"","overlay-gradient":""},"tablet":{"background-color":"var(--ast-global-color-4)","background-image":"","background-repeat":"repeat","background-position":"center center","background-size":"auto","background-attachment":"scroll","background-type":"","background-media":"","overlay-type":"","overlay-color":"","overlay-opacity":"","overlay-gradient":""},"mobile":{"background-color":"var(--ast-global-color-4)","background-image":"","background-repeat":"repeat","background-position":"center center","background-size":"auto","background-attachment":"scroll","background-type":"","background-media":"","overlay-type":"","overlay-color":"","overlay-opacity":"","overlay-gradient":""}},"footnotes":""},"class_list":["post-189","page","type-page","status-publish","hentry"],"_links":{"self":[{"href":"https:\/\/www.repassnetcenter.be\/index.php\/wp-json\/wp\/v2\/pages\/189","targetHints":{"allow":["GET"]}}],"collection":[{"href":"https:\/\/www.repassnetcenter.be\/index.php\/wp-json\/wp\/v2\/pages"}],"about":[{"href":"https:\/\/www.repassnetcenter.be\/index.php\/wp-json\/wp\/v2\/types\/page"}],"author":[{"embeddable":true,"href":"https:\/\/www.repassnetcenter.be\/index.php\/wp-json\/wp\/v2\/users\/1"}],"replies":[{"embeddable":true,"href":"https:\/\/www.repassnetcenter.be\/index.php\/wp-json\/wp\/v2\/comments?post=189"}],"version-history":[{"count":32,"href":"https:\/\/www.repassnetcenter.be\/index.php\/wp-json\/wp\/v2\/pages\/189\/revisions"}],"predecessor-version":[{"id":279,"href":"https:\/\/www.repassnetcenter.be\/index.php\/wp-json\/wp\/v2\/pages\/189\/revisions\/279"}],"wp:attachment":[{"href":"https:\/\/www.repassnetcenter.be\/index.php\/wp-json\/wp\/v2\/media?parent=189"}],"curies":[{"name":"wp","href":"https:\/\/api.w.org\/{rel}","templated":true}]}}